{"id":38785,"date":"2025-07-08T14:41:17","date_gmt":"2025-07-08T12:41:17","guid":{"rendered":"https:\/\/modernreef.eu\/shop\/senza-categoria\/ro-di-water-analysis-1-pack\/"},"modified":"2025-07-19T14:38:17","modified_gmt":"2025-07-19T12:38:17","slug":"ro-di-check-1-set-1-ro-di-water-analysis","status":"publish","type":"product","link":"https:\/\/modernreef.eu\/it\/shop\/icp-ic-reef-lab-water-analysis-it\/ro-di-check-1-set-1-ro-di-water-analysis\/","title":{"rendered":"RO\/DI CHECK 1-SET (1 RO\/DI Water Analysis)"},"content":{"rendered":"<p><span class=\"OYPEnA font-feature-liga-off font-feature-clig-off font-feature-calt-off text-decoration-none text-strikethrough-none\">RO\/DI CHECK \u00e8 un essenziale servizio di laboratorio per gli appassionati dell\u2019acquario marino, aiutandoti ad assicurarti che la tua acqua d\u2019osmosi sia pura e libera dai contaminanti pericolosi. Utilizzando l\u2019avanzata tecnologia di laboratorio basata sulla tecnologia ICP-MS\/EOS, noi analizziamo <\/span><span class=\"OYPEnA font-feature-liga-off font-feature-clig-off font-feature-calt-off text-decoration-none text-strikethrough-none\">49 parametri critici<\/span><span class=\"OYPEnA font-feature-liga-off font-feature-clig-off font-feature-calt-off text-decoration-none text-strikethrough-none\"> con precisione, provvedendo veloci ed affidabili risultati. Quando stai combattendo con l\u2019accumulo di indesiderati elementi nel tuo acquario, l\u2019acqua d\u2019osmosi \u00e8 la prima cosa da controllare. I contaminanti nella tua sorgente d\u2019acqua potrebbero accumularsi nel tempo, colpendo la salute della tua vita marina. Testando l\u2019acqua d\u2019osmosi, puoi identificare la fonte di questi accumuli e agire per risolverli. Inoltre, prima di avviare un acquario marino, \u00e8 cruciale verificare la qualit\u00e0 della tua osmosi. Anche un buon e funzionante sistema di filtraggio pu\u00f2 a volte non riuscire a rimuovere tutte le impurit\u00e0. Il controllo dell\u2019osmosi assicura alla tua acqua di raggiungere i pi\u00f9 alti standard di purezza, fornendoti una forte base per un fiorente ecosistema marino. Con risultati veloci e raccomandazioni personalizzate, ti aiutiamo ad ottimizzare la tua acqua d\u2019osmosi per rimuovere efficacemente i contaminanti. Proteggi il tuo acquario marino, previeni pericolosi accumuli, e assicura al tuo acquario marino di crescere sano con sicurezza.<\/span><\/p>\n<h3>Caratteristiche principali<\/h3>\n<ul>\n<li><strong>Analisi completa dell\u2019acqua osmosi RO\/DI<\/strong><br \/>\nOgni set offre un\u2019analisi di laboratorio dettagliata della tua acqua osmosi (RO\/DI), coprendo <strong>49 parametri essenziali<\/strong> per garantire purezza e sicurezza.<\/li>\n<li><strong>Tecnologia avanzata<\/strong><br \/>\nUtilizza strumentazione di laboratorio all\u2019avanguardia <strong>ICP-MS\/OES-based<\/strong> per risultati estremamente precisi e affidabili.<\/li>\n<li><strong>Risultati rapidi<\/strong><br \/>\nOttieni risultati precisi e veloci per intervenire tempestivamente e mantenere sano il tuo acquario marino.<\/li>\n<li><strong>Individua i contaminanti<\/strong><br \/>\nIdentifica elementi e impurit\u00e0 nocive che possono accumularsi nell\u2019acquario, aiutandoti a individuare la fonte dei problemi.<\/li>\n<li><strong>Fondamentale per la salute dell\u2019acquario marino<\/strong><br \/>\nProtegge la vita marina assicurando che l\u2019acqua di partenza sia priva di contaminanti pericolosi per coralli e pesci.<\/li>\n<li><strong>Indispensabile per nuovi allestimenti<\/strong><br \/>\nVerifica la qualit\u00e0 dell\u2019acqua prima di avviare un nuovo acquario marino, dandoti tranquillit\u00e0 sin dall\u2019inizio.<\/li>\n<li><strong>Ottimizza il tuo sistema RO\/DI<\/strong><br \/>\nRicevi raccomandazioni personalizzate per migliorare il sistema di filtrazione e mantenere la massima qualit\u00e0 dell\u2019acqua.<\/li>\n<li><strong>Supporta un acquario sostenibile<\/strong><br \/>\nPreviene l\u2019accumulo di elementi indesiderati, promuovendo un ecosistema marino stabile e prospero.<\/li>\n<li><strong>Facile e comodo<\/strong><br \/>\nInvio del campione semplice e report di laboratorio chiari e facilmente utilizzabili.<\/li>\n<li><strong>Supporto professionale<\/strong><br \/>\nAssistenza esperta per interpretare i risultati e prendere le decisioni migliori per il tuo acquario.<\/li>\n<\/ul>\n<p class=\"cvGsUA direction-ltr align-justify para-style-body\"><strong><span class=\"OYPEnA font-feature-liga-off font-feature-clig-off font-feature-calt-off text-decoration-none text-strikethrough-none\">49 parametri (RO\/DI Water Analysis)<\/span><\/strong><\/p>\n<p class=\"cvGsUA direction-ltr align-justify para-style-body\"><span class=\"OYPEnA font-feature-liga-off font-feature-clig-off font-feature-calt-off text-decoration-none text-strikethrough-none\">SALINITY (PSU), Ca, Cl, B, Br, K, Mg, F, Na, S, Sr, Ba, Co, Cr, Cu, Fe, I, Li, Mn, Mo, Ni, Se, V, Zn, No3, P, Po4, Si, Al, As, Ag, Be, Bi, Cd, Ga, Ge, Hg, La, In, Nb, Pb, Sb, Sc, Sn, Te, Ti, Tl, W, Zr<\/span><\/p>\n","protected":false},"excerpt":{"rendered":"<p>RO\/DI CHECK \u00e8 un essenziale servizio di laboratorio per gli appassionati dell\u2019acquario marino, aiutandoti ad assicurarti che la tua acqua d\u2019osmosi sia pura e libera dai contaminanti pericolosi. Utilizzando l\u2019avanzata tecnologia di laboratorio basata sulla tecnologia ICP-MS\/EOS, noi analizziamo 49 parametri critici con precisione, provvedendo veloci ed affidabili risultati. Quando stai combattendo con l\u2019accumulo di [&#8230;]\n","protected":false},"featured_media":38791,"template":"","meta":[],"product_brand":[],"product_cat":[133],"product_tag":[],"class_list":{"0":"post-38785","1":"product","2":"type-product","3":"status-publish","4":"has-post-thumbnail","6":"product_cat-icp-ic-reef-lab-water-analysis-it","8":"first","9":"instock","10":"taxable","11":"shipping-taxable","12":"purchasable","13":"product-type-simple"},"_links":{"self":[{"href":"https:\/\/modernreef.eu\/it\/wp-json\/wp\/v2\/product\/38785","targetHints":{"allow":["GET"]}}],"collection":[{"href":"https:\/\/modernreef.eu\/it\/wp-json\/wp\/v2\/product"}],"about":[{"href":"https:\/\/modernreef.eu\/it\/wp-json\/wp\/v2\/types\/product"}],"wp:featuredmedia":[{"embeddable":true,"href":"https:\/\/modernreef.eu\/it\/wp-json\/wp\/v2\/media\/38791"}],"wp:attachment":[{"href":"https:\/\/modernreef.eu\/it\/wp-json\/wp\/v2\/media?parent=38785"}],"wp:term":[{"taxonomy":"product_brand","embeddable":true,"href":"https:\/\/modernreef.eu\/it\/wp-json\/wp\/v2\/product_brand?post=38785"},{"taxonomy":"product_cat","embeddable":true,"href":"https:\/\/modernreef.eu\/it\/wp-json\/wp\/v2\/product_cat?post=38785"},{"taxonomy":"product_tag","embeddable":true,"href":"https:\/\/modernreef.eu\/it\/wp-json\/wp\/v2\/product_tag?post=38785"}],"curies":[{"name":"wp","href":"https:\/\/api.w.org\/{rel}","templated":true}]}}