{"id":38865,"date":"2025-07-08T20:52:05","date_gmt":"2025-07-08T18:52:06","guid":{"rendered":"https:\/\/modernreef.eu\/?post_type=product&#038;p=38865"},"modified":"2025-07-19T13:13:12","modified_gmt":"2025-07-19T11:13:12","slug":"reef-mastery-pro-duo-1-set-1-reef-water-analysis-pro-1-ro-di-water-analysis-pro","status":"publish","type":"product","link":"https:\/\/modernreef.eu\/it\/shop\/icp-ic-reef-lab-water-analysis-it\/reef-mastery-pro-duo-1-set-1-reef-water-analysis-pro-1-ro-di-water-analysis-pro\/","title":{"rendered":"Reef Mastery PRO DUO 1-SET (1 Reef Water Analysis Pro + 1 RO\/DI Water Analysis Pro)"},"content":{"rendered":"<p><span class=\"OYPEnA font-feature-liga-off font-feature-clig-off font-feature-calt-off text-decoration-none text-strikethrough-none\">Qui \u00e9 dove la biologia dell\u2019acquario marino, la chimica, e la tecnologia si incontrano, combinati con il pi\u00f9 intellettuale sito web che troverai. Il nostro sistema del nostro sito ti risolver\u00e0 ogni anomalia e ti guider\u00e0 ad un migliore risultato basato sul tuo acquario marino. In altre parole, le nostre analisi dell\u2019acqua vogliono risolvere i problemi e raggiungere gli obbiettivi basandosi sulla composizione del tuo acquario, attrezzatura che usi, tipo di acquario marino, e sui risultati delle analisi del tuo acquario marino. Il nostro sistema trover\u00e0 i dosaggi di \u201ccorrezioni\u201d per i parametri, dosaggi di mantenimento degli elementi, inquinanti e ti aiuter\u00e0 a decidere se la tua attrezzatura o i prodotti andranno fermati o aggiunti al tuo acquario. Il nostro sistema intelligente ti offre anche una sezione di aiuto chiamata \u201canomalie\u201d, con un sistema semi-automatico con pi\u00f9 compiti per tenere traccia di tutti i suggerimenti del nostro laboratorio.<\/span> <span class=\"OYPEnA font-feature-liga-off font-feature-clig-off font-feature-calt-off text-decoration-none text-strikethrough-none\">Noi possiamo testare fino a <\/span><span class=\"OYPEnA font-feature-liga-off font-feature-clig-off font-feature-calt-off text-decoration-none text-strikethrough-none\">56 parametri<\/span><span class=\"OYPEnA font-feature-liga-off font-feature-clig-off font-feature-calt-off text-decoration-none text-strikethrough-none\">, incluso KH, test della salinit\u00e0 ad alta risoluzione, nutrienti, inquinanti , e chiarezza dell\u2019acqua, per avere i migliori vantaggi della vostra illuminazione, solo offerti dal laboratorio di Modern Reef. I nostri due estesi laboratori comprendono molto altro e non solo le macchine ICP MS\/OES; noi usiamo la cromatografia e altri moderni macchinari di laboratorio e metodi per confermare i risultati. Noi forniamo i risultati delle analisi dell\u2019acqua entro <\/span><span class=\"OYPEnA font-feature-liga-off font-feature-clig-off font-feature-calt-off text-decoration-none text-strikethrough-none\">24 ore<\/span><span class=\"OYPEnA font-feature-liga-off font-feature-clig-off font-feature-calt-off text-decoration-none text-strikethrough-none\"> grazie alle molteplici macchine per metodo. Hai anche la opzione di tracciare lo stato del tuo campione online e scannerizzare il codice QR per evitare errori di battitura. Il nostro laboratorio \u00e8 <\/span><span class=\"OYPEnA font-feature-liga-off font-feature-clig-off font-feature-calt-off text-decoration-none text-strikethrough-none\">operativo 24\/7<\/span><span class=\"OYPEnA font-feature-liga-off font-feature-clig-off font-feature-calt-off text-decoration-none text-strikethrough-none\"> per assicurarvi un veloce risultato, e noi consideriamo tutti i nostri campioni come prima priorit\u00e0 senza nessun costo aggiuntivo. Questo set comprende anche l\u2019analisi dell\u2019acqua di osmosi (RODI).<\/span><\/p>\n<h2>Caratteristiche Principali<\/h2>\n<ul>\n<li><strong>Controllo Qualit\u00e0 con Analista AI:<\/strong><br \/>\nAvanzato analista basato su intelligenza artificiale che funge da terzo livello di controllo qualit\u00e0, garantendo la massima precisione, coerenza e affidabilit\u00e0 in ogni referto di analisi dell\u2019acqua.<\/li>\n<li><strong>Analisi Completa dell\u2019Acqua:<\/strong><br \/>\nAnalizza fino a <strong>56 parametri fondamentali<\/strong>\u2014inclusi salinit\u00e0, alcalinit\u00e0 (KH), pH, calcio, magnesio, nutrienti, inquinanti e limpidezza dell\u2019acqua\u2014per una panoramica completa sulla salute del tuo acquario marino. Include l\u2019analisi di un campione d\u2019acqua osmotica (RO\/DI) che copre <strong>49 parametri essenziali<\/strong>.<\/li>\n<li><strong>Motore di Raccomandazioni Intelligente:<\/strong><br \/>\nSistema online all\u2019avanguardia che analizza i risultati specifici e fornisce indicazioni personalizzate e operative, adattate alla configurazione, attrezzatura e obiettivi del tuo acquario.<\/li>\n<li><strong>Correzioni Mirate agli Obiettivi:<\/strong><br \/>\nRicevi immediatamente raccomandazioni precise su dosaggi correttivi, manutenzione, prodotti e regolazioni dell\u2019attrezzatura\u2014tutto personalizzato in base ai risultati delle tue analisi.<\/li>\n<li><strong>Gestione delle Anomalie:<\/strong><br \/>\nSezione integrata \u201cAnomalie\u201d con gestione semi-automatizzata delle attivit\u00e0 per risolvere problemi e monitorare le azioni suggerite dal laboratorio.<\/li>\n<li><strong>Tecnologia di Laboratorio Avanzata:<\/strong><br \/>\nDue laboratori all\u2019avanguardia dotati di <strong>ICP-OES\/MS Base<\/strong>, cromatografia e altre tecniche analitiche moderne per una precisione senza compromessi.<\/li>\n<li><strong>Risposta Rapida \u2013 Sempre Prioritaria:<\/strong><br \/>\nRisultati completi dell\u2019analisi dell\u2019acqua consegnati entro <strong>24 ore<\/strong>. I nostri laboratori operano 24\/7, trattando ogni campione come assoluta priorit\u00e0, senza costi aggiuntivi.<\/li>\n<li><strong>Tracciamento Facile dei Campioni:<\/strong><br \/>\nMonitora lo stato dei tuoi campioni online in tempo reale e inviali facilmente tramite scansione QR code per una gestione rapida e senza errori.<\/li>\n<li><strong>Piattaforma Online Intuitiva:<\/strong><br \/>\nAccedi al sito pi\u00f9 autorevole e facile da consultare del settore, con navigazione chiara, consulenza di esperti e risorse educative per ogni acquariofilo marino.<\/li>\n<\/ul>\n<p class=\"cvGsUA direction-ltr align-justify para-style-body\"><strong><span class=\"OYPEnA font-feature-liga-off font-feature-clig-off font-feature-calt-off text-decoration-none text-strikethrough-none\">56 parametri (Reef Water ICP only Analysis)<\/span><\/strong><\/p>\n<p class=\"cvGsUA direction-ltr align-justify para-style-body\"><span class=\"OYPEnA font-feature-liga-off font-feature-clig-off font-feature-calt-off text-decoration-none text-strikethrough-none\">SALINITY (PSU, SG, mS\/cm), Kh, pH, CO2, WATER CLARITY (MRNU), PAR LOSS (PARL), Ca, Cl, B, Br, K, Mg, F, Na, S, Sr, Ba, Co, Cr, Cu, Fe, I, Li, Mn, Mo, Ni, Se, V, Zn, No3, P, Po4, Si, Al, As, Ag, Be, Bi, Cd, Ga, Ge, Hg, La, In, Nb, Pb, Sb, Sc, Sn, Te, Ti, Tl, W, Zr.<\/span><\/p>\n<p class=\"cvGsUA direction-ltr align-justify para-style-body\"><strong><span class=\"OYPEnA font-feature-liga-off font-feature-clig-off font-feature-calt-off text-decoration-none text-strikethrough-none\">49 parametri (RO\/DI Water Analysis)<\/span><\/strong><\/p>\n<p class=\"cvGsUA direction-ltr align-justify para-style-body\"><span class=\"OYPEnA font-feature-liga-off font-feature-clig-off font-feature-calt-off text-decoration-none text-strikethrough-none\">SALINITY (PSU), Ca, Cl, B, Br, K, Mg, F, Na, S, Sr, Ba, Co, Cr, Cu, Fe, I, Li, Mn, Mo, Ni, Se, V, Zn, No3, P, Po4, Si, Al, As, Ag, Be, Bi, Cd, Ga, Ge, Hg, La, In, Nb, Pb, Sb, Sc, Sn, Te, Ti, Tl, W, Zr<\/span><\/p>\n","protected":false},"excerpt":{"rendered":"<p>Qui \u00e9 dove la biologia dell\u2019acquario marino, la chimica, e la tecnologia si incontrano, combinati con il pi\u00f9 intellettuale sito web che troverai. Il nostro sistema del nostro sito ti risolver\u00e0 ogni anomalia e ti guider\u00e0 ad un migliore risultato basato sul tuo acquario marino. In altre parole, le nostre analisi dell\u2019acqua vogliono risolvere i [&#8230;]\n","protected":false},"featured_media":38824,"template":"","meta":[],"product_brand":[],"product_cat":[133],"product_tag":[],"class_list":{"0":"post-38865","1":"product","2":"type-product","3":"status-publish","4":"has-post-thumbnail","6":"product_cat-icp-ic-reef-lab-water-analysis-it","8":"first","9":"instock","10":"taxable","11":"shipping-taxable","12":"purchasable","13":"product-type-simple"},"_links":{"self":[{"href":"https:\/\/modernreef.eu\/it\/wp-json\/wp\/v2\/product\/38865","targetHints":{"allow":["GET"]}}],"collection":[{"href":"https:\/\/modernreef.eu\/it\/wp-json\/wp\/v2\/product"}],"about":[{"href":"https:\/\/modernreef.eu\/it\/wp-json\/wp\/v2\/types\/product"}],"wp:featuredmedia":[{"embeddable":true,"href":"https:\/\/modernreef.eu\/it\/wp-json\/wp\/v2\/media\/38824"}],"wp:attachment":[{"href":"https:\/\/modernreef.eu\/it\/wp-json\/wp\/v2\/media?parent=38865"}],"wp:term":[{"taxonomy":"product_brand","embeddable":true,"href":"https:\/\/modernreef.eu\/it\/wp-json\/wp\/v2\/product_brand?post=38865"},{"taxonomy":"product_cat","embeddable":true,"href":"https:\/\/modernreef.eu\/it\/wp-json\/wp\/v2\/product_cat?post=38865"},{"taxonomy":"product_tag","embeddable":true,"href":"https:\/\/modernreef.eu\/it\/wp-json\/wp\/v2\/product_tag?post=38865"}],"curies":[{"name":"wp","href":"https:\/\/api.w.org\/{rel}","templated":true}]}}