{"id":38870,"date":"2025-07-08T21:01:22","date_gmt":"2025-07-08T19:01:22","guid":{"rendered":"https:\/\/modernreef.eu\/?post_type=product&#038;p=38870"},"modified":"2025-07-19T14:04:46","modified_gmt":"2025-07-19T12:04:46","slug":"icp-flex-1-set-1-icp-reef-water-icp-flex","status":"publish","type":"product","link":"https:\/\/modernreef.eu\/it\/shop\/icp-ic-reef-lab-water-analysis-it\/icp-flex-1-set-1-icp-reef-water-icp-flex\/","title":{"rendered":"ICP FLEX 1-SET (1 ICP Reef Water ICP FLEX)"},"content":{"rendered":"<p><span class=\"OYPEnA font-feature-liga-off font-feature-clig-off font-feature-calt-off text-decoration-none text-strikethrough-none\">Una esperienza incomparabile con il nostro ICP FLEX per l\u2019analisi dell\u2019acqua del tuo acquario marino, il quale testa precisamente fino a <\/span><span class=\"OYPEnA font-feature-liga-off font-feature-clig-off font-feature-calt-off text-decoration-none text-strikethrough-none\">49 parametri essenziali<\/span><span class=\"OYPEnA font-feature-liga-off font-feature-clig-off font-feature-calt-off text-decoration-none text-strikethrough-none\"> usando la tecnologia MS\/EOS utilizzata solo sugli ICP mentre forniamo risultati economicamente vantaggiosi. Quello che ci differenzia \u00e8 la possibilit\u00e0 di integrare al test ICP i tuoi test casalinghi per i parametri mancanti (KH, pH, No3, e Fluro) fornendoti una personalizzata guida e un ampio range di monitoraggio. Aggiungi o scansiona il codice a barre nella tua pagina personale, e il nostro sistema riconoscer\u00e0 il tipo di analisi, permettendoti di aggiungere ogni parametro mancante &#8211; noi raccomandiamo di farlo lo stesso giorno che spedisci il campione per il risultato pi\u00f9 accurato. In alternativa, puoi aggiungerli o modificarli quando ricevi il risultato. Puoi anche facilmente collegare il codice a barre a un tuo esistente acquario nel nostro sistema. Il nostro sistema considerer\u00e0 le analisi precedenti, anche se non fatte con l\u2019ICP FLEX, per studiare lo storico e l\u2019andamento del tuo acquario. Con il nostro sistema, riceverai dosaggi di correzione, raccomandazioni di mantenimento, e un aiuto di un esperto sulla tua attrezzatura e uso dei prodotti.<\/span> <span class=\"OYPEnA font-feature-liga-off font-feature-clig-off font-feature-calt-off text-decoration-none text-strikethrough-none\">La nostra sezione di \u201canomalie\u201d e \u201ccompiti\u201d ottimizzer\u00e0 la nostra gestione delle task, assicurandoci di farti stare al meglio dei nostri suggerimenti del laboratorio. Con il nostro veloce e affidabile servizio, riceverai i risultati delle analisi entro <\/span><span class=\"OYPEnA font-feature-liga-off font-feature-clig-off font-feature-calt-off text-decoration-none text-strikethrough-none\">24h<\/span><span class=\"OYPEnA font-feature-liga-off font-feature-clig-off font-feature-calt-off text-decoration-none text-strikethrough-none\">, con un aggiornamento dello stato online e la possibilit\u00e0 di scansionare il codice QR per comodit\u00e0. Il nostro laboratorio \u00e9 operativo <\/span><span class=\"OYPEnA font-feature-liga-off font-feature-clig-off font-feature-calt-off text-decoration-none text-strikethrough-none\">24\/7<\/span><span class=\"OYPEnA font-feature-liga-off font-feature-clig-off font-feature-calt-off text-decoration-none text-strikethrough-none\"> prioritizza ogni campione senza costi aggiuntivi, incoraggiandovi a raggiungere un rigoglioso acquario marino combinato alla pi\u00f9 potente tecnologia di ICP e la conoscenza dei nostri esperti.<\/span><\/p>\n<h2>Caratteristiche Principali<\/h2>\n<ul>\n<li><strong>Controllo Qualit\u00e0 con Analista IA:<\/strong><br \/>\nUn avanzato analista alimentato da intelligenza artificiale fornisce un terzo livello di controllo qualit\u00e0, garantendo massima precisione e affidabilit\u00e0 in ogni referto di analisi dell\u2019acqua.<\/li>\n<li><strong>Tecnologia ICP-OES\/MS Base per 49 Parametri:<\/strong><br \/>\nTecnologia di ultima generazione <strong>ICP-OES\/MS Bas<\/strong>e che analizza con precisione fino a <strong>49 parametri essenziali dell\u2019acqua marina<\/strong>\u2014inclusi salinit\u00e0, calcio, magnesio, potassio, metalli traccia e altri\u2014per un monitoraggio completo.<\/li>\n<li><strong>Flessibilit\u00e0 Senza Pari:<\/strong><br \/>\nIntegra facilmente i risultati dei tuoi test domestici (KH, pH, NO\u2083 e Fluoro) per i parametri non coperti. Basta aggiungere o scansionare il codice a barre dalla tua dashboard\u2014il sistema riconosce automaticamente il tipo di campione e permette di inserire i parametri mancanti subito o dopo aver ricevuto i risultati.<\/li>\n<li><strong>Consulenza Personalizzata:<\/strong><br \/>\nRicevi subito raccomandazioni individuali su dosaggi correttivi, manutenzione e consigli esperti su regolazione di attrezzature e prodotti, tutto adattato alle esigenze e alle tendenze storiche del tuo acquario.<\/li>\n<li><strong>Integrazione delle Tendenze Storiche:<\/strong><br \/>\nCollega le analisi\u2014anche precedenti e non ICP FLEX\u2014al profilo del tuo acquario. Il sistema sfrutta l\u2019intera cronologia dei parametri per offrirti suggerimenti pi\u00f9 intelligenti e approfonditi.<\/li>\n<li><strong>Gestione Semplificata di Attivit\u00e0 e Anomalie:<\/strong><br \/>\nSezioni integrate <strong>Anomalie<\/strong> e <strong>Attivit\u00e0<\/strong> per un monitoraggio e una gestione semi-automatizzata, che ti aiutano a restare sempre aggiornato sulle raccomandazioni del laboratorio.<\/li>\n<li><strong>Risultati Rapidi e Affidabili:<\/strong><br \/>\nRicevi i risultati delle analisi dell\u2019acqua entro <strong>24 ore<\/strong>. Il nostro laboratorio dedicato opera 24\/7, trattando ogni campione come priorit\u00e0 assoluta e senza costi aggiuntivi.<\/li>\n<li><strong>Tracciamento Online e Invio tramite QR Code:<\/strong><br \/>\nMonitora lo stato dei campioni in tempo reale online e inviali facilmente grazie alla scansione del QR code, per una gestione rapida e senza errori.<\/li>\n<li><strong>Integrazione Semplice con il Tuo Acquario:<\/strong><br \/>\nCollega facilmente ogni codice a barre\/campione ad un acquario esistente nel sistema per un\u2019analisi e raccomandazioni precise e personalizzate.<\/li>\n<li><strong>Risultati Professionali e Convenienti:<\/strong><br \/>\nApprofitta di analisi avanzate <strong>ICP-OES\/MS Base<\/strong> e supporto esperto ad un prezzo accessibile, per aiutarti a mantenere un acquario marino sano e prospero.<\/li>\n<\/ul>\n<p class=\"cvGsUA direction-ltr align-justify para-style-body\"><strong><span class=\"OYPEnA font-feature-liga-off font-feature-clig-off font-feature-calt-off text-decoration-none text-strikethrough-none\">49 parametri (Reef Water ICP only Analysis)<\/span><\/strong><\/p>\n<p class=\"cvGsUA direction-ltr align-justify para-style-body\"><span class=\"OYPEnA font-feature-liga-off font-feature-clig-off font-feature-calt-off text-decoration-none text-strikethrough-none\">SALINITY (PSU, SG, mS\/cm), Ca, Cl, B, Br, K, Mg, Na, S, Sr, Ba, Co, Cr, Cu, Fe, I, Li, Mn, Mo, Ni, Se, V, Zn, P, Po4, Si, Al, As, Ag, Be, Bi, Cd, Ga, Ge, Hg, La, In, Nb, Pb, Sb, Sc, Sn, Te, Ti, Tl, W, Zr<\/span><\/p>\n","protected":false},"excerpt":{"rendered":"<p>Una esperienza incomparabile con il nostro ICP FLEX per l\u2019analisi dell\u2019acqua del tuo acquario marino, il quale testa precisamente fino a 49 parametri essenziali usando la tecnologia MS\/EOS utilizzata solo sugli ICP mentre forniamo risultati economicamente vantaggiosi. Quello che ci differenzia \u00e8 la possibilit\u00e0 di integrare al test ICP i tuoi test casalinghi per i [&#8230;]\n","protected":false},"featured_media":38829,"template":"","meta":[],"product_brand":[],"product_cat":[133],"product_tag":[],"class_list":{"0":"post-38870","1":"product","2":"type-product","3":"status-publish","4":"has-post-thumbnail","6":"product_cat-icp-ic-reef-lab-water-analysis-it","8":"first","9":"instock","10":"taxable","11":"shipping-taxable","12":"purchasable","13":"product-type-simple"},"_links":{"self":[{"href":"https:\/\/modernreef.eu\/it\/wp-json\/wp\/v2\/product\/38870","targetHints":{"allow":["GET"]}}],"collection":[{"href":"https:\/\/modernreef.eu\/it\/wp-json\/wp\/v2\/product"}],"about":[{"href":"https:\/\/modernreef.eu\/it\/wp-json\/wp\/v2\/types\/product"}],"wp:featuredmedia":[{"embeddable":true,"href":"https:\/\/modernreef.eu\/it\/wp-json\/wp\/v2\/media\/38829"}],"wp:attachment":[{"href":"https:\/\/modernreef.eu\/it\/wp-json\/wp\/v2\/media?parent=38870"}],"wp:term":[{"taxonomy":"product_brand","embeddable":true,"href":"https:\/\/modernreef.eu\/it\/wp-json\/wp\/v2\/product_brand?post=38870"},{"taxonomy":"product_cat","embeddable":true,"href":"https:\/\/modernreef.eu\/it\/wp-json\/wp\/v2\/product_cat?post=38870"},{"taxonomy":"product_tag","embeddable":true,"href":"https:\/\/modernreef.eu\/it\/wp-json\/wp\/v2\/product_tag?post=38870"}],"curies":[{"name":"wp","href":"https:\/\/api.w.org\/{rel}","templated":true}]}}